{"id":5,"date":"2020-01-13T11:17:52","date_gmt":"2020-01-13T11:17:52","guid":{"rendered":"https:\/\/demosites.io\/web-agency-gb\/?page_id=5"},"modified":"2025-12-17T11:37:04","modified_gmt":"2025-12-17T10:37:04","slug":"forside","status":"publish","type":"page","link":"https:\/\/arena-it.dk\/","title":{"rendered":"Forside"},"content":{"rendered":"<div class=\"n2_clear\"><ss3-force-full-width data-overflow-x=\"body\" data-horizontal-selector=\"body\"><div class=\"n2-section-smartslider fitvidsignore  n2_clear\" data-ssid=\"3\"><div id=\"n2-ss-3-align\" class=\"n2-ss-align\"><div class=\"n2-padding\"><div id=\"n2-ss-3\" data-creator=\"Smart Slider 3\" data-responsive=\"fullwidth\" class=\"n2-ss-slider n2-ow n2-has-hover n2notransition  \">\n\n\n\n\n\n\n\n<div class=\"n2-ss-slider-wrapper-inside\">\n        <div class=\"n2-ss-slider-1 n2_ss__touch_element n2-ow\">\n            <div class=\"n2-ss-slider-2 n2-ow\">\n                                                    <div class=\"n2-ss-background-animation n2-ow\"><\/div>\n                                <div class=\"n2-ss-slider-3 n2-ow\">\n\n                    <div class=\"n2-ss-slide-backgrounds n2-ow-all\"><div class=\"n2-ss-slide-background\" data-public-id=\"1\" data-mode=\"fill\"><div class=\"n2-ss-slide-background-image\" data-blur=\"0\" data-opacity=\"100\" data-x=\"50\" data-y=\"50\" data-alt=\"\" data-title=\"\"><picture class=\"skip-lazy\" data-skip-lazy=\"1\"><img decoding=\"async\" src=\"\/\/arena-it.dk\/wp-content\/uploads\/2022\/05\/slider01.png\" alt=\"\" title=\"\" loading=\"lazy\" class=\"skip-lazy\" data-skip-lazy=\"1\"><\/picture><\/div><div data-color=\"RGBA(255,255,255,0)\" style=\"background-color: RGBA(255,255,255,0);\" class=\"n2-ss-slide-background-color\"><\/div><\/div><div class=\"n2-ss-slide-background\" data-public-id=\"2\" data-mode=\"fill\" aria-hidden=\"true\"><div class=\"n2-ss-slide-background-image\" data-blur=\"0\" data-opacity=\"100\" data-x=\"50\" data-y=\"50\" data-alt=\"\" data-title=\"\"><picture class=\"skip-lazy\" data-skip-lazy=\"1\"><img decoding=\"async\" src=\"\/\/arena-it.dk\/wp-content\/uploads\/2022\/05\/slider04.png\" alt=\"\" title=\"\" loading=\"lazy\" class=\"skip-lazy\" data-skip-lazy=\"1\"><\/picture><\/div><div data-color=\"RGBA(255,255,255,0)\" style=\"background-color: RGBA(255,255,255,0);\" class=\"n2-ss-slide-background-color\"><\/div><\/div><\/div>                    <div class=\"n2-ss-slider-4 n2-ow\">\n                        <svg xmlns=\"http:\/\/www.w3.org\/2000\/svg\" viewBox=\"0 0 1960 500\" data-related-device=\"desktopPortrait\" class=\"n2-ow n2-ss-preserve-size n2-ss-preserve-size--slider n2-ss-slide-limiter\"><\/svg><div data-first=\"1\" data-slide-duration=\"0\" data-id=\"11\" data-slide-public-id=\"1\" data-title=\"slider01\" class=\"n2-ss-slide n2-ow  n2-ss-slide-11\"><div role=\"note\" class=\"n2-ss-slide--focus\" tabindex=\"-1\">slider01<\/div><div class=\"n2-ss-layers-container n2-ss-slide-limiter n2-ow\"><div class=\"n2-ss-layer n2-ow n-uc-fQmrDK1aukrg\" data-sstype=\"slide\" data-pm=\"default\"><div class=\"n2-ss-layer n2-ow n-uc-D6hL7MMqgXVR\" data-pm=\"default\" data-sstype=\"content\" data-hasbackground=\"1\"><div class=\"n2-ss-section-main-content n2-ss-layer-with-background n2-ss-layer-content n2-ow n-uc-D6hL7MMqgXVR-inner\"><div class=\"n2-ss-layer n2-ow n-uc-131ce4d70a919 n2-ss-layer--auto\" data-pm=\"normal\" data-sstype=\"layer\"><div id=\"n2-ss-3item1\" class=\"n2-font-adcafed1836c1dd212305a7966c73464-hover   n2-ss-item-content n2-ss-text n2-ow\" style=\"display:inline-block;\">Velkommen til Arena IT<\/div><\/div><div class=\"n2-ss-layer n2-ow n-uc-1bd1bd62a8e57 n2-ss-layer--auto\" data-pm=\"normal\" data-sstype=\"layer\"><div id=\"n2-ss-3item2\" class=\"n2-font-9b4cddb1e35a6a55b94303e2d76fe9b5-hover   n2-ss-item-content n2-ss-text n2-ow\" style=\"display:inline-block;\">Arena IT er en lille IT virksomhed der med samme ejer har eksisteret siden 2002.<br>Vores speciale er IT-drift og webdesign.<br><\/div><\/div><div class=\"n2-ss-layer n2-ow n-uc-156f7585bf978 n2-ss-layer--auto\" data-pm=\"normal\" data-sstype=\"layer\"><div class=\"n2-ss-button-container n2-ss-item-content n2-ow n2-font-f42af8800c37622b92c1aea31615a18d-link  n2-ss-nowrap n2-ss-button-container--non-full-width\"><a class=\"n2-style-b7748e9d73b677156bba63e5791d5eac-heading  n2-ow \" href=\"https:\/\/arena-it.dk\/index.php\/firmaprofil\/\"><div><div>L\u00e6s mere&#8230;<\/div><\/div><\/a><\/div><\/div><\/div><\/div><\/div><\/div><\/div><div data-slide-duration=\"0\" data-id=\"10\" data-slide-public-id=\"2\" aria-hidden=\"true\" data-title=\"slider03\" class=\"n2-ss-slide n2-ow  n2-ss-slide-10\"><div role=\"note\" class=\"n2-ss-slide--focus\" tabindex=\"-1\">slider03<\/div><div class=\"n2-ss-layers-container n2-ss-slide-limiter n2-ow\"><div class=\"n2-ss-layer n2-ow n-uc-qYFULbj3g1Cp\" data-sstype=\"slide\" data-pm=\"default\"><div class=\"n2-ss-layer n2-ow n-uc-17QTg2NQ7uCv\" data-pm=\"default\" data-sstype=\"content\" data-hasbackground=\"1\"><div class=\"n2-ss-section-main-content n2-ss-layer-with-background n2-ss-layer-content n2-ow n-uc-17QTg2NQ7uCv-inner\"><div class=\"n2-ss-layer n2-ow n-uc-TJtH81wOEGRB n2-ss-layer--auto\" data-pm=\"normal\" data-sstype=\"layer\"><div id=\"n2-ss-3item4\" class=\"n2-font-adcafed1836c1dd212305a7966c73464-hover   n2-ss-item-content n2-ss-text n2-ow\" style=\"display:inline-block;\">IT l\u00f8sninger<\/div><\/div><div class=\"n2-ss-layer n2-ow n-uc-zxk9tsM9wuHq n2-ss-layer--auto\" data-pm=\"normal\" data-sstype=\"layer\"><div id=\"n2-ss-3item5\" class=\"n2-font-9b4cddb1e35a6a55b94303e2d76fe9b5-hover   n2-ss-item-content n2-ss-text n2-ow\" style=\"display:inline-block;\">Arena-IT tilbyder en bred vifte af services. Vores speciale er IT-drift for virksomheder.<br>Ved at lade Arena-IT tage sig af jeres IT-drift, outsources IT-driften og den daglige support.<br>Aftalen kan b\u00e5de g\u00e6lder dele- eller hele Jeres IT-installation.<\/div><\/div><div class=\"n2-ss-layer n2-ow n-uc-mTNhwCUc969B n2-ss-layer--auto\" data-pm=\"normal\" data-sstype=\"layer\"><div class=\"n2-ss-button-container n2-ss-item-content n2-ow n2-font-f42af8800c37622b92c1aea31615a18d-link  n2-ss-nowrap n2-ss-button-container--non-full-width\"><a class=\"n2-style-b7748e9d73b677156bba63e5791d5eac-heading  n2-ow \" href=\"https:\/\/arena-it.dk\/index.php\/firmaprofil\/\"><div><div>L\u00e6s mere&#8230;<\/div><\/div><\/a><\/div><\/div><\/div><\/div><\/div><\/div><\/div>                    <\/div>\n\n                                    <\/div>\n            <\/div>\n        <\/div>\n        <div class=\"n2-ss-slider-controls n2-ss-slider-controls-absolute-left-center\"><div style=\"--widget-offset:15px;\" class=\"n2-ss-widget n2-style-f5a214e9fb1643b59c9eaf3bb14056d2-heading nextend-arrow n2-ow-all nextend-arrow-previous  nextend-arrow-animated-fade\" data-hide-mobileportrait=\"1\" id=\"n2-ss-3-arrow-previous\" role=\"button\" aria-label=\"previous arrow\" tabindex=\"0\"><img loading=\"lazy\" decoding=\"async\" width=\"32\" height=\"32\" class=\"skip-lazy\" data-skip-lazy=\"1\" src=\"data:image\/svg+xml;base64,PHN2ZyB4bWxucz0iaHR0cDovL3d3dy53My5vcmcvMjAwMC9zdmciIHdpZHRoPSIzMiIgaGVpZ2h0PSIzMiIgdmlld0JveD0iMCAwIDMyIDMyIj4KICAgIDxwYXRoIGZpbGw9IiNmZmZmZmYiIG9wYWNpdHk9IjAuOCIgZmlsbC1ydWxlPSJldmVub2RkIgogICAgICAgICAgZD0iTTE4Ljk5NTggOC45OTA3YzAtLjQyNC0uMjA0LS43MjMtLjYxLS44OTgtLjQwOS0uMTczLS43NzItLjEwNC0xLjA5My4yMDlsLTcuMDA2IDYuOTc1Yy0uMjAxLjE5OS0uMjk3LjQzNy0uMjg2LjcxNiAwIC4yNjcuMDk2LjQ5OC4yODYuNjg5bDcuMDA2IDcuMDAxYy4zMjEuMzIxLjY4NC4zODkgMS4wOTMuMjA5LjQwNi0uMTc0LjYxLS40ODIuNjEtLjkyMlY4Ljk5MDd6Ii8+Cjwvc3ZnPg==\" alt=\"previous arrow\"><\/div><\/div><div class=\"n2-ss-slider-controls n2-ss-slider-controls-absolute-right-center\"><div style=\"--widget-offset:15px;\" class=\"n2-ss-widget n2-style-f5a214e9fb1643b59c9eaf3bb14056d2-heading nextend-arrow n2-ow-all nextend-arrow-next  nextend-arrow-animated-fade\" data-hide-mobileportrait=\"1\" id=\"n2-ss-3-arrow-next\" role=\"button\" aria-label=\"next arrow\" tabindex=\"0\"><img loading=\"lazy\" decoding=\"async\" width=\"32\" height=\"32\" class=\"skip-lazy\" data-skip-lazy=\"1\" src=\"data:image\/svg+xml;base64,PHN2ZyB3aWR0aD0iMzIiIGhlaWdodD0iMzIiIHZpZXdCb3g9IjAgMCAzMiAzMiIgeG1sbnM9Imh0dHA6Ly93d3cudzMub3JnLzIwMDAvc3ZnIj4KICAgIDxwYXRoIGQ9Ik0xMiA4Ljk5YzAtLjQyMy4yMDQtLjcyMi42MS0uODk3LjQwOC0uMTczLjc3Mi0uMTA0IDEuMDkyLjIxbDcuMDA2IDYuOTc0Yy4yMDIuMi4yOTguNDM3LjI4Ny43MTYgMCAuMjY3LS4wOTYuNDk4LS4yODcuNjlsLTcuMDA2IDdjLS4zMi4zMi0uNjg0LjM5LTEuMDkyLjIxLS40MDYtLjE3NS0uNjEtLjQ4My0uNjEtLjkyM1Y4Ljk5eiIKICAgICAgICAgIGZpbGw9IiNmZmZmZmYiIG9wYWNpdHk9IjAuOCIgZmlsbC1ydWxlPSJldmVub2RkIi8+Cjwvc3ZnPg==\" alt=\"next arrow\"><\/div><\/div><div class=\"n2-ss-slider-controls n2-ss-slider-controls-absolute-center-bottom\"><div style=\"--widget-offset:10px;\" class=\"n2-ss-widget n2-ss-control-bullet n2-ow-all n2-ss-control-bullet-horizontal\"><div class=\" nextend-bullet-bar n2-bar-justify-content-center\" role=\"group\" aria-label=\"Choose slide to display.\"><div class=\"n2-bullet n2-style-a74f7ddbcce17e7743a5c733a8405e68-dot \" style=\"visibility:hidden;\"><\/div><\/div><\/div><\/div><\/div><\/div><ss3-loader><\/ss3-loader><\/div><\/div><div class=\"n2_clear\"><\/div><\/div><\/ss3-force-full-width><\/div>\n\n\n<p><\/p>\n\n\n\n<div class=\"wp-block-columns is-layout-flex wp-container-core-columns-is-layout-9d6595d7 wp-block-columns-is-layout-flex\">\n<div class=\"wp-block-column is-layout-flow wp-block-column-is-layout-flow\"><div class=\"wp-block-image icon-style is-style-rounded\">\n<figure class=\"aligncenter size-full\"><img loading=\"lazy\" decoding=\"async\" width=\"100\" height=\"100\" src=\"https:\/\/arena-it.dk\/wp-content\/uploads\/2021\/10\/knap04.png\" alt=\"\" class=\"wp-image-460\" title=\"\"\/><\/figure>\n<\/div>\n\n\n<h3 class=\"wp-block-heading has-text-align-center has-neve-text-color-color has-text-color\" id=\"office-365\">Office 365<\/h3>\n\n\n\n<p class=\"has-text-align-left\">Arena IT er MicroSoft partner og leverer blandt andet Office 365 l\u00f8sninger til vores kunder.<\/p>\n\n\n\n<div style=\"height:20px\" aria-hidden=\"true\" class=\"wp-block-spacer\"><\/div>\n<\/div>\n\n\n\n<div class=\"wp-block-column is-layout-flow wp-block-column-is-layout-flow\"><div class=\"wp-block-image icon-style is-style-rounded\">\n<figure class=\"aligncenter size-full\"><a href=\"https:\/\/arena-it.dk\/index.php\/kontakt\/\"><img loading=\"lazy\" decoding=\"async\" width=\"100\" height=\"100\" src=\"https:\/\/arena-it.dk\/wp-content\/uploads\/2021\/09\/knap03.png\" alt=\"\" class=\"wp-image-345\"\/><\/a><\/figure>\n<\/div>\n\n\n<h3 class=\"wp-block-heading has-text-align-center has-neve-text-color-color has-text-color\" id=\"kontakt-os\">Kontakt os<\/h3>\n\n\n\n<p class=\"has-text-align-left\">Kontakt os og lad os f\u00e5 en uforpligtende snak om hvad vi kan g\u00f8re for jer.<\/p>\n\n\n\n<div style=\"height:20px\" aria-hidden=\"true\" class=\"wp-block-spacer\"><\/div>\n<\/div>\n\n\n\n<div class=\"wp-block-column is-layout-flow wp-block-column-is-layout-flow\"><div class=\"wp-block-image icon-style is-style-rounded\">\n<figure class=\"aligncenter size-full\"><a href=\"https:\/\/arena-it.dk\/QuickSupport.exe\"><img loading=\"lazy\" decoding=\"async\" width=\"100\" height=\"100\" src=\"https:\/\/arena-it.dk\/wp-content\/uploads\/2021\/09\/knap01.png\" alt=\"\" class=\"wp-image-344\"\/><\/a><\/figure>\n<\/div>\n\n\n<h3 class=\"wp-block-heading has-text-align-center has-neve-text-color-color has-text-color\" id=\"quick-support\">Quick Support<\/h3>\n\n\n\n<p class=\"has-text-align-left\">Med vores remote v\u00e6rkt\u00f8j kan vi yder support mens vi taler.<\/p>\n\n\n\n<div style=\"height:20px\" aria-hidden=\"true\" class=\"wp-block-spacer\"><\/div>\n<\/div>\n<\/div>\n\n\n\n<div class=\"wp-block-cover alignfull\" style=\"min-height:600px;aspect-ratio:unset;\"><span aria-hidden=\"true\" class=\"wp-block-cover__background has-nv-light-bg-background-color has-background-dim-100 has-background-dim\"><\/span><div class=\"wp-block-cover__inner-container is-layout-flow wp-block-cover-is-layout-flow\">\n<div class=\"wp-block-group\"><div class=\"wp-block-group__inner-container is-layout-flow wp-block-group-is-layout-flow\">\n<div class=\"wp-block-columns are-vertically-aligned-center is-layout-flex wp-container-core-columns-is-layout-9d6595d7 wp-block-columns-is-layout-flex\">\n<div class=\"wp-block-column is-vertically-aligned-center is-layout-flow wp-block-column-is-layout-flow\" style=\"flex-basis:50%\">\n<figure class=\"wp-block-image size-large is-resized\"><img loading=\"lazy\" decoding=\"async\" width=\"600\" height=\"600\" src=\"https:\/\/arena-it.dk\/wp-content\/uploads\/2020\/01\/neve-web-design-bg-10.jpg\" alt=\"\" class=\"wp-image-37\" style=\"width:350px\"\/><\/figure>\n<\/div>\n\n\n\n<div class=\"wp-block-column is-vertically-aligned-center is-layout-flow wp-block-column-is-layout-flow\" style=\"flex-basis:50%\">\n<div style=\"height:20px\" aria-hidden=\"true\" class=\"wp-block-spacer\"><\/div>\n\n\n\n<h2 class=\"wp-block-heading has-text-align-left has-neve-text-color-color has-text-color\" id=\"web-design\">Web Design<\/h2>\n\n\n\n<p class=\"has-text-align-left has-neve-text-color-color has-text-color\" style=\"font-size:17px\">Designer af profesionelle &#8220;Content Management Systemer&#8221; (CMS). Vi arbejder i b\u00e5de WordPress og Joomla.<\/p>\n\n\n\n<div class=\"wp-block-buttons is-horizontal is-content-justification-left is-layout-flex wp-container-core-buttons-is-layout-7e5fce0a wp-block-buttons-is-layout-flex\">\n<div class=\"wp-block-button is-style-primary\"><a class=\"wp-block-button__link wp-element-button\" href=\"https:\/\/arena-it.dk\/index.php\/webdesign\/\">L\u00e6s mere<\/a><\/div>\n<\/div>\n<\/div>\n<\/div>\n\n\n\n<p><\/p>\n<\/div><\/div>\n<\/div><\/div>\n\n\n\n<div class=\"wp-block-cover alignfull\" style=\"min-height:607px;aspect-ratio:unset;\"><span aria-hidden=\"true\" class=\"wp-block-cover__background has-nv-site-bg-background-color has-background-dim-100 has-background-dim\"><\/span><div class=\"wp-block-cover__inner-container is-layout-flow wp-block-cover-is-layout-flow\">\n<div class=\"wp-block-group\"><div class=\"wp-block-group__inner-container is-layout-flow wp-block-group-is-layout-flow\">\n<div class=\"wp-block-columns are-vertically-aligned-center is-layout-flex wp-container-core-columns-is-layout-9d6595d7 wp-block-columns-is-layout-flex\">\n<div class=\"wp-block-column is-vertically-aligned-center is-layout-flow wp-block-column-is-layout-flow\" style=\"flex-basis:50%\">\n<h2 class=\"wp-block-heading has-text-align-left has-neve-text-color-color has-text-color\" id=\"logo-design\">Logo design<\/h2>\n\n\n\n<p class=\"has-text-align-left has-neve-text-color-color has-text-color\" style=\"font-size:17px\">Vi kan ogs\u00e5 designe dit nye firma logo.<\/p>\n\n\n\n<div class=\"wp-block-buttons is-horizontal is-content-justification-left is-layout-flex wp-container-core-buttons-is-layout-7e5fce0a wp-block-buttons-is-layout-flex\">\n<div class=\"wp-block-button is-style-primary\"><a class=\"wp-block-button__link wp-element-button\" href=\"https:\/\/arena-it.dk\/index.php\/webdesign\/\">L\u00e6s mere<\/a><\/div>\n<\/div>\n\n\n\n<div style=\"height:40px\" aria-hidden=\"true\" class=\"wp-block-spacer\"><\/div>\n<\/div>\n\n\n\n<div class=\"wp-block-column is-vertically-aligned-center is-layout-flow wp-block-column-is-layout-flow\" style=\"flex-basis:50%\">\n<figure class=\"wp-block-image size-large is-resized\"><img loading=\"lazy\" decoding=\"async\" width=\"600\" height=\"600\" src=\"https:\/\/arena-it.dk\/wp-content\/uploads\/2020\/01\/neve-web-design-bg-13.jpg\" alt=\"\" class=\"wp-image-40\" style=\"width:350px\"\/><\/figure>\n<\/div>\n<\/div>\n\n\n\n<p><\/p>\n<\/div><\/div>\n<\/div><\/div>\n\n\n\n<div class=\"wp-block-cover alignfull\" style=\"min-height:600px;aspect-ratio:unset;\"><span aria-hidden=\"true\" class=\"wp-block-cover__background has-nv-dark-bg-background-color has-background-dim-100 has-background-dim\"><\/span><div class=\"wp-block-cover__inner-container is-layout-flow wp-block-cover-is-layout-flow\">\n<div class=\"wp-block-group\"><div class=\"wp-block-group__inner-container is-layout-flow wp-block-group-is-layout-flow\">\n<div class=\"wp-block-columns are-vertically-aligned-center is-layout-flex wp-container-core-columns-is-layout-9d6595d7 wp-block-columns-is-layout-flex\">\n<div class=\"wp-block-column is-vertically-aligned-center is-layout-flow wp-block-column-is-layout-flow\" style=\"flex-basis:50%\">\n<figure class=\"wp-block-image size-large is-resized\"><img loading=\"lazy\" decoding=\"async\" width=\"600\" height=\"600\" src=\"https:\/\/arena-it.dk\/wp-content\/uploads\/2020\/01\/neve-web-design-bg-08.jpg\" alt=\"\" class=\"wp-image-35\" style=\"width:350px\"\/><\/figure>\n<\/div>\n\n\n\n<div class=\"wp-block-column is-vertically-aligned-center is-layout-flow wp-block-column-is-layout-flow\" style=\"flex-basis:50%\">\n<div style=\"height:40px\" aria-hidden=\"true\" class=\"wp-block-spacer\"><\/div>\n\n\n\n<h2 class=\"wp-block-heading has-text-align-left has-nv-text-dark-bg-color has-text-color\" id=\"opstartspakke-for-nye-virksomheder\">Opstartspakke for nye virksomheder.<\/h2>\n\n\n\n<p class=\"has-text-align-left has-nv-text-dark-bg-color has-text-color\" style=\"font-size:17px\">Til nystartede virksomheder har vi lavet en start pakke. L\u00e6s mere om pris og hvad pakken som udgangspunkt indeholder. <\/p>\n\n\n\n<div class=\"wp-block-buttons is-horizontal is-content-justification-left is-layout-flex wp-container-core-buttons-is-layout-7e5fce0a wp-block-buttons-is-layout-flex\">\n<div class=\"wp-block-button is-style-primary\"><a class=\"wp-block-button__link wp-element-button\" href=\"https:\/\/arena-it.dk\/index.php\/opstartspakke\/\">L\u00e6s mere<\/a><\/div>\n<\/div>\n<\/div>\n<\/div>\n<\/div><\/div>\n<\/div><\/div>\n\n\n\n<div style=\"height:40px\" aria-hidden=\"true\" class=\"wp-block-spacer\"><\/div>\n\n\n\n<div class=\"wp-block-cover alignfull\" style=\"min-height:420px;aspect-ratio:unset;\"><span aria-hidden=\"true\" class=\"wp-block-cover__background has-nv-light-bg-background-color has-background-dim-100 has-background-dim\"><\/span><div class=\"wp-block-cover__inner-container is-layout-flow wp-block-cover-is-layout-flow\">\n<div class=\"wp-block-columns is-layout-flex wp-container-core-columns-is-layout-9d6595d7 wp-block-columns-is-layout-flex\">\n<div class=\"wp-block-column ticss-4ce656f1 is-layout-flow wp-block-column-is-layout-flow\">\n<figure class=\"wp-block-image size-thumbnail is-style-rounded\"><img loading=\"lazy\" decoding=\"async\" width=\"150\" height=\"150\" src=\"https:\/\/arena-it.dk\/wp-content\/uploads\/2024\/08\/bo_gamba-1-150x150.png\" alt=\"\" class=\"wp-image-678\" srcset=\"https:\/\/arena-it.dk\/wp-content\/uploads\/2024\/08\/bo_gamba-1-150x150.png 150w, https:\/\/arena-it.dk\/wp-content\/uploads\/2024\/08\/bo_gamba-1-300x300.png 300w, https:\/\/arena-it.dk\/wp-content\/uploads\/2024\/08\/bo_gamba-1-768x768.png 768w, https:\/\/arena-it.dk\/wp-content\/uploads\/2024\/08\/bo_gamba-1.png 800w\" sizes=\"auto, (max-width: 150px) 100vw, 150px\" \/><\/figure>\n\n\n\n<p class=\"has-text-align-left has-neve-text-color-color has-text-color has-normal-font-size\">Bo Gamba<\/p>\n\n\n\n<p class=\"has-neve-text-color-color has-text-color\"><em>Grundl\u00e6gger og ejer<\/em><\/p>\n\n\n\n<div style=\"height:20px\" aria-hidden=\"true\" class=\"wp-block-spacer\"><\/div>\n<\/div>\n\n\n\n<div class=\"wp-block-column ticss-f6fc7494 is-layout-flow wp-block-column-is-layout-flow\">\n<p class=\"has-neve-text-color-color has-text-color\"><\/p>\n\n\n\n<figure class=\"wp-block-image size-full\"><img loading=\"lazy\" decoding=\"async\" width=\"286\" height=\"81\" src=\"https:\/\/arena-it.dk\/wp-content\/uploads\/2024\/09\/codetwo.png\" alt=\"\" class=\"wp-image-688\"\/><\/figure>\n\n\n\n<div style=\"height:20px\" aria-hidden=\"true\" class=\"wp-block-spacer\"><\/div>\n<\/div>\n\n\n\n<div class=\"wp-block-column ticss-a5b4df29 is-layout-flow wp-block-column-is-layout-flow\">\n<figure class=\"wp-block-image size-full is-style-default\"><img loading=\"lazy\" decoding=\"async\" width=\"580\" height=\"260\" src=\"https:\/\/arena-it.dk\/wp-content\/uploads\/2021\/09\/Office365.png\" alt=\"\" class=\"wp-image-361\" srcset=\"https:\/\/arena-it.dk\/wp-content\/uploads\/2021\/09\/Office365.png 580w, https:\/\/arena-it.dk\/wp-content\/uploads\/2021\/09\/Office365-300x134.png 300w\" sizes=\"auto, (max-width: 580px) 100vw, 580px\" \/><\/figure>\n\n\n\n<p class=\"has-text-align-left has-neve-text-color-color has-text-color has-normal-font-size\"><\/p>\n\n\n\n<div style=\"height:20px\" aria-hidden=\"true\" class=\"wp-block-spacer\"><\/div>\n<\/div>\n<\/div>\n<\/div><\/div>\n\n\n\n<p><\/p>\n","protected":false},"excerpt":{"rendered":"<p>Office 365 Arena IT er MicroSoft partner og leverer blandt andet Office 365 l\u00f8sninger til vores kunder. Kontakt os Kontakt os og lad os f\u00e5 en uforpligtende snak om hvad vi kan g\u00f8re for jer. Quick Support Med vores remote v\u00e6rkt\u00f8j kan vi yder support mens vi taler.<\/p>\n","protected":false},"author":1,"featured_media":0,"parent":0,"menu_order":0,"comment_status":"closed","ping_status":"closed","template":"","meta":{"neve_meta_sidebar":"default","neve_meta_container":"default","neve_meta_enable_content_width":"on","neve_meta_content_width":100,"neve_meta_title_alignment":"","neve_meta_author_avatar":"","neve_post_elements_order":"","neve_meta_disable_header":"","neve_meta_disable_footer":"","neve_meta_disable_title":"on","footnotes":""},"class_list":["post-5","page","type-page","status-publish","hentry"],"_links":{"self":[{"href":"https:\/\/arena-it.dk\/index.php\/wp-json\/wp\/v2\/pages\/5","targetHints":{"allow":["GET"]}}],"collection":[{"href":"https:\/\/arena-it.dk\/index.php\/wp-json\/wp\/v2\/pages"}],"about":[{"href":"https:\/\/arena-it.dk\/index.php\/wp-json\/wp\/v2\/types\/page"}],"author":[{"embeddable":true,"href":"https:\/\/arena-it.dk\/index.php\/wp-json\/wp\/v2\/users\/1"}],"replies":[{"embeddable":true,"href":"https:\/\/arena-it.dk\/index.php\/wp-json\/wp\/v2\/comments?post=5"}],"version-history":[{"count":51,"href":"https:\/\/arena-it.dk\/index.php\/wp-json\/wp\/v2\/pages\/5\/revisions"}],"predecessor-version":[{"id":706,"href":"https:\/\/arena-it.dk\/index.php\/wp-json\/wp\/v2\/pages\/5\/revisions\/706"}],"wp:attachment":[{"href":"https:\/\/arena-it.dk\/index.php\/wp-json\/wp\/v2\/media?parent=5"}],"curies":[{"name":"wp","href":"https:\/\/api.w.org\/{rel}","templated":true}]}}